{"id":1332,"date":"2017-12-10T22:44:54","date_gmt":"2017-12-10T21:44:54","guid":{"rendered":"http:\/\/passivehouse.pl\/?page_id=99"},"modified":"2017-12-10T22:44:54","modified_gmt":"2017-12-10T21:44:54","slug":"projekty-domow-na-waska-dzialke","status":"publish","type":"page","link":"https:\/\/budowlanyblog.pl\/?page_id=1332","title":{"rendered":"Projekty dom\u00f3w na w\u0105sk\u0105 dzia\u0142k\u0119"},"content":{"rendered":"<p>[vc_row][vc_column][td_block_11][\/vc_column][\/vc_row]<\/p>","protected":false},"excerpt":{"rendered":"<p>[vc_row][vc_column][td_block_11][\/vc_column][\/vc_row]<\/p>\n","protected":false},"author":1,"featured_media":0,"parent":0,"menu_order":0,"comment_status":"closed","ping_status":"closed","template":"","meta":[],"_links":{"self":[{"href":"https:\/\/budowlanyblog.pl\/index.php?rest_route=\/wp\/v2\/pages\/1332"}],"collection":[{"href":"https:\/\/budowlanyblog.pl\/index.php?rest_route=\/wp\/v2\/pages"}],"about":[{"href":"https:\/\/budowlanyblog.pl\/index.php?rest_route=\/wp\/v2\/types\/page"}],"author":[{"embeddable":true,"href":"https:\/\/budowlanyblog.pl\/index.php?rest_route=\/wp\/v2\/users\/1"}],"replies":[{"embeddable":true,"href":"https:\/\/budowlanyblog.pl\/index.php?rest_route=%2Fwp%2Fv2%2Fcomments&post=1332"}],"version-history":[{"count":0,"href":"https:\/\/budowlanyblog.pl\/index.php?rest_route=\/wp\/v2\/pages\/1332\/revisions"}],"wp:attachment":[{"href":"https:\/\/budowlanyblog.pl\/index.php?rest_route=%2Fwp%2Fv2%2Fmedia&parent=1332"}],"curies":[{"name":"wp","href":"https:\/\/api.w.org\/{rel}","templated":true}]}}